{"id":903,"date":"2024-04-02T21:20:30","date_gmt":"2024-04-02T19:20:30","guid":{"rendered":"https:\/\/elvira-mentaltraining.de\/?page_id=903"},"modified":"2026-03-18T12:32:25","modified_gmt":"2026-03-18T11:32:25","slug":"elvira-mentaltraining","status":"publish","type":"page","link":"https:\/\/elvira-mentaltraining.de\/","title":{"rendered":"Mentaltraining"},"content":{"rendered":"\n<p><strong>\ud83c\udf3f Was ist Mentaltraining<\/strong>? <\/p>\n\n\n\n<p>Mentaltraining ist die F\u00e4higkeit, bewusst mit den eigenen Gedanken und Gef\u00fchlen umzugehen. Es hilft dabei, den Fokus auf das zu richten, was uns wirklich wichtig ist \u2013 und damit die Ergebnisse zu erzielen, die wir uns w\u00fcnschen. Mentaltraining kann in allen Lebensbereichen angewendet werden und st\u00e4rkt die innere Haltung, mit der wir Herausforderungen begegnen.<\/p>\n\n\n\n<p><strong>\ud83d\udc8e Unsere inneren Ressourcen<\/strong><\/p>\n\n\n\n<p>Jeder Mensch tr\u00e4gt eine enorme innere Kraftquelle in sich. In hektischen Zeiten oder bei anhaltendem Stress verlieren wir jedoch oft den Zugang dazu. Stress entsteht nicht nur durch Belastung, sondern durch jede Form von Ver\u00e4nderung \u2013 positiv wie negativ. Dazu geh\u00f6ren:<\/p>\n\n\n\n<ul class=\"wp-block-list\">\n<li>neue Lebenssituationen wie Umzug und Job\u2011\/Schulwechsel<\/li>\n\n\n\n<li>herausfordernde Situationen wie Pr\u00fcfungsangst und Burnout<\/li>\n\n\n\n<li>der Wunsch nach Pers\u00f6nlichlichkeitsentwicklung<\/li>\n<\/ul>\n\n\n\n<p>Mentaltraining unterst\u00fctzt dabei, Situationen bewusst wahrzunehmen, zu analysieren und die eigenen W\u00fcnsche und Ressourcen neu auszurichten. <\/p>\n\n\n\n<p><strong>\ud83d\udd0d Werte erkennen und innere Klarheit gewinnen<\/strong><\/p>\n\n\n\n<p>Unsere Werte ver\u00e4ndern sich im Laufe unseres Lebens. Mentaltraining hilft, diese Werte sichtbar zu machen und zu pr\u00fcfen, ob sie miteinander harmonieren oder im Konflikt stehen. Dieser Prozess schafft Orientierung und erm\u00f6glicht Entscheidungen, die wirklich zu uns passen.<\/p>\n\n\n\n<p><strong>\ud83c\udf31 Selbstbestimmt leben<\/strong><\/p>\n\n\n\n<p>Um unser Leben bewusst zu gestalten und Ziele zu verwirklichen, braucht es den Blick nach innen. Dort finden wir Antworten auf Fragen wie:<\/p>\n\n\n\n<ul class=\"wp-block-list\">\n<li>Was brauche ich wirklich?<\/li>\n\n\n\n<li>Was entspricht meinen W\u00fcnschen und Zielen?<\/li>\n\n\n\n<li>Wo lebe ich gegen meine eigenen Werte?<\/li>\n<\/ul>\n\n\n\n<p>Mentaltraining \u00f6ffnet diesen inneren Raum und st\u00e4rkt die F\u00e4higkeit, das eigene Leben aktiv zu gestalten.<\/p>\n\n\n\n<p><strong>\u2728 Die Kraft der Visualisierung<\/strong><\/p>\n\n\n\n<p>Ein zentraler Bestandteil des Mentaltrainings ist die achtsame Visualisierung. Sie erm\u00f6glicht:<\/p>\n\n\n\n<ul class=\"wp-block-list\">\n<li>vergangene Erfahrungen neu zu bewerten<\/li>\n\n\n\n<li>zuk\u00fcnftige Situationen innerlich vorzubereiten<\/li>\n\n\n\n<li>innere Sicherheit und Klarheit aufzubauen<\/li>\n<\/ul>\n\n\n\n<p>Wir sind die Gestalter unserer Gedanken und Gef\u00fchle \u2013 und damit auch unseres Erlebens. Mentaltraining st\u00e4rkt diese Gestaltungskraft.<\/p>\n\n\n\n<p><strong>\ud83e\udd0d Achtsame Kommunikation mit dir selbst<\/strong><\/p>\n\n\n\n<p>Mentaltraining ist eine liebevolle, bewusste Form der Selbstkommunikation. Es hilft unsere Gedanken zu ordnen, Emotionen zu verstehen und innere Balance zu finden. Und damit einhergehend unser Leben mit mehr Leichtigkeit und Selbstvertrauen zu gestalten.<\/p>\n\n\n\n<p><\/p>\n","protected":false},"excerpt":{"rendered":"<p>\ud83c\udf3f Was ist Mentaltraining? Mentaltraining ist die F\u00e4higkeit, bewusst mit den eigenen Gedanken und Gef\u00fchlen umzugehen. Es hilft dabei, den Fokus auf das zu richten, was uns wirklich wichtig ist \u2013 und damit die Ergebnisse zu erzielen, die wir uns w\u00fcnschen. Mentaltraining kann in allen Lebensbereichen angewendet werden und st\u00e4rkt die innere Haltung, mit der [&hellip;]<\/p>\n","protected":false},"author":1,"featured_media":1302,"parent":0,"menu_order":0,"comment_status":"closed","ping_status":"closed","template":"","meta":{"footnotes":""},"class_list":["post-903","page","type-page","status-publish","has-post-thumbnail","hentry"],"_links":{"self":[{"href":"https:\/\/elvira-mentaltraining.de\/index.php?rest_route=\/wp\/v2\/pages\/903","targetHints":{"allow":["GET"]}}],"collection":[{"href":"https:\/\/elvira-mentaltraining.de\/index.php?rest_route=\/wp\/v2\/pages"}],"about":[{"href":"https:\/\/elvira-mentaltraining.de\/index.php?rest_route=\/wp\/v2\/types\/page"}],"author":[{"embeddable":true,"href":"https:\/\/elvira-mentaltraining.de\/index.php?rest_route=\/wp\/v2\/users\/1"}],"replies":[{"embeddable":true,"href":"https:\/\/elvira-mentaltraining.de\/index.php?rest_route=%2Fwp%2Fv2%2Fcomments&post=903"}],"version-history":[{"count":47,"href":"https:\/\/elvira-mentaltraining.de\/index.php?rest_route=\/wp\/v2\/pages\/903\/revisions"}],"predecessor-version":[{"id":1681,"href":"https:\/\/elvira-mentaltraining.de\/index.php?rest_route=\/wp\/v2\/pages\/903\/revisions\/1681"}],"wp:featuredmedia":[{"embeddable":true,"href":"https:\/\/elvira-mentaltraining.de\/index.php?rest_route=\/wp\/v2\/media\/1302"}],"wp:attachment":[{"href":"https:\/\/elvira-mentaltraining.de\/index.php?rest_route=%2Fwp%2Fv2%2Fmedia&parent=903"}],"curies":[{"name":"wp","href":"https:\/\/api.w.org\/{rel}","templated":true}]}}