{"id":1108,"date":"2024-07-03T22:09:12","date_gmt":"2024-07-03T20:09:12","guid":{"rendered":"https:\/\/elvira-mentaltraining.de\/?page_id=1108"},"modified":"2024-07-28T15:48:48","modified_gmt":"2024-07-28T13:48:48","slug":"hypnose-trance","status":"publish","type":"page","link":"https:\/\/elvira-mentaltraining.de\/?page_id=1108","title":{"rendered":"Hypnose &amp; Trance"},"content":{"rendered":"\n<h1 class=\"wp-block-heading\"><strong>Kommunikation mit dem Unbewussten<\/strong><\/h1>\n\n\n\n<p>Immer wenn sich Probleme auftun, kommt unser Unbewusstes, lt. Milton Erickson, und k\u00fcmmert sich um uns und schaut nach kreativen L\u00f6sungen. <\/p>\n\n\n\n<p>Unser Unbewusstes \u00fcbernimmt tausend Sachen, damit wir nicht noch an die \u00fcberlebenswichtigen \u201eKleinigkeiten\u201c denken m\u00fcssen. Wie das Atmen oder wie jetzt, in diesem Moment, wie Dein Unterbewusstsein alles Erforderliche \u00fcbernimmt, damit Du die F\u00e4higkeit besitzt, diesen Satz nicht nur zu lesen und den Inhalt zu verstehen, sondern gleichzeitig zu f\u00fchlen, ob die Information f\u00fcr Dich brauchbar ist oder nicht.<\/p>\n\n\n\n<p>So viel geschieht einfach gleichzeitig. In Deinem Unterbewusstsein schlummern viele tolle kreative Potentiale, die durch eine Hypnose aktiviert werden k\u00f6nnen. Finde Antworten auf Deine Fragen im Dialog mit Deinem Unterbewusstsein.<\/p>\n","protected":false},"excerpt":{"rendered":"<p>Kommunikation mit dem Unbewussten Immer wenn sich Probleme auftun, kommt unser Unbewusstes, lt. Milton Erickson, und k\u00fcmmert sich um uns und schaut nach kreativen L\u00f6sungen. Unser Unbewusstes \u00fcbernimmt tausend Sachen, damit wir nicht noch an die \u00fcberlebenswichtigen \u201eKleinigkeiten\u201c denken m\u00fcssen. Wie das Atmen oder wie jetzt, in diesem Moment, wie Dein Unterbewusstsein alles Erforderliche \u00fcbernimmt, [&hellip;]<\/p>\n","protected":false},"author":1,"featured_media":1322,"parent":0,"menu_order":0,"comment_status":"closed","ping_status":"closed","template":"","meta":{"footnotes":""},"class_list":["post-1108","page","type-page","status-publish","has-post-thumbnail","hentry"],"_links":{"self":[{"href":"https:\/\/elvira-mentaltraining.de\/index.php?rest_route=\/wp\/v2\/pages\/1108","targetHints":{"allow":["GET"]}}],"collection":[{"href":"https:\/\/elvira-mentaltraining.de\/index.php?rest_route=\/wp\/v2\/pages"}],"about":[{"href":"https:\/\/elvira-mentaltraining.de\/index.php?rest_route=\/wp\/v2\/types\/page"}],"author":[{"embeddable":true,"href":"https:\/\/elvira-mentaltraining.de\/index.php?rest_route=\/wp\/v2\/users\/1"}],"replies":[{"embeddable":true,"href":"https:\/\/elvira-mentaltraining.de\/index.php?rest_route=%2Fwp%2Fv2%2Fcomments&post=1108"}],"version-history":[{"count":3,"href":"https:\/\/elvira-mentaltraining.de\/index.php?rest_route=\/wp\/v2\/pages\/1108\/revisions"}],"predecessor-version":[{"id":1318,"href":"https:\/\/elvira-mentaltraining.de\/index.php?rest_route=\/wp\/v2\/pages\/1108\/revisions\/1318"}],"wp:featuredmedia":[{"embeddable":true,"href":"https:\/\/elvira-mentaltraining.de\/index.php?rest_route=\/wp\/v2\/media\/1322"}],"wp:attachment":[{"href":"https:\/\/elvira-mentaltraining.de\/index.php?rest_route=%2Fwp%2Fv2%2Fmedia&parent=1108"}],"curies":[{"name":"wp","href":"https:\/\/api.w.org\/{rel}","templated":true}]}}