{"id":1104,"date":"2024-07-03T22:08:32","date_gmt":"2024-07-03T20:08:32","guid":{"rendered":"https:\/\/elvira-mentaltraining.de\/?page_id=1104"},"modified":"2026-03-31T23:31:27","modified_gmt":"2026-03-31T21:31:27","slug":"klangschalenmeditation","status":"publish","type":"page","link":"https:\/\/elvira-mentaltraining.de\/?page_id=1104","title":{"rendered":"Klangschalenmediation\/-behandlung"},"content":{"rendered":"\n<p>Die Schallwellen, die von einer Klangschale ausgesendet werden, haben eine heilende Wirkung. Sie werden von unserem K\u00f6rper wahrgenommen mit dem Ziel, den k\u00f6rperlichen und mentalen Gesundheitszustand zu verbessern.<\/p>\n\n\n\n<p><\/p>\n\n\n\n<p>Durch eine Klangschale wird eine Frequenz erzeugt, bei der ganz bewusst ein entspannter Zustand ausgel\u00f6st wird. Das kann dazu f\u00fchren, dass Muskeln, Organe oder unser Gewebe ebenfalls in Schwingung versetzt werden. Diese Schwingungen k\u00f6nnen bestimmte Blockaden im K\u00f6rper l\u00f6sen und damit einhergehend den Energiefluss steigern.<\/p>\n\n\n\n<p>Die Kl\u00e4nge und Schwingungen der Klangschale f\u00f6rdern die<\/p>\n\n\n\n<ul class=\"wp-block-list\">\n<li>Balance von K\u00f6rper &amp; Geist<\/li>\n\n\n\n<li>Innere Ruhe<\/li>\n\n\n\n<li>Eigene Wahrnehmung<\/li>\n\n\n\n<li>Kreativit\u00e4t<\/li>\n\n\n\n<li>Aktivierung der eigenen Ressourcen<\/li>\n<\/ul>\n\n\n\n<p>Die Kl\u00e4nge und Vibrationen, die durch eine Klangschale entstehen, haben eine positive Wirkung auf das allgemeine Wohlbefinden.<\/p>\n\n\n\n<blockquote class=\"wp-block-quote is-layout-flow wp-block-quote-is-layout-flow\">\n<p><strong>&#8220;Wenn du die Geheimnisse des Universums finden willst, denke in Begriffen von Energie, Frequenz und Vibration.&#8221;<\/strong><\/p>\n\n\n\n<p><\/p>\n\n\n\n<p>Nikola Tesla<\/p>\n<\/blockquote>\n\n\n\n<p><\/p>\n\n\n\n<p><\/p>\n","protected":false},"excerpt":{"rendered":"<p>Die Schallwellen, die von einer Klangschale ausgesendet werden, haben eine heilende Wirkung. Sie werden von unserem K\u00f6rper wahrgenommen mit dem Ziel, den k\u00f6rperlichen und mentalen Gesundheitszustand zu verbessern. Durch eine Klangschale wird eine Frequenz erzeugt, bei der ganz bewusst ein entspannter Zustand ausgel\u00f6st wird. Das kann dazu f\u00fchren, dass Muskeln, Organe oder unser Gewebe ebenfalls [&hellip;]<\/p>\n","protected":false},"author":1,"featured_media":1330,"parent":0,"menu_order":0,"comment_status":"closed","ping_status":"closed","template":"","meta":{"footnotes":""},"class_list":["post-1104","page","type-page","status-publish","has-post-thumbnail","hentry"],"_links":{"self":[{"href":"https:\/\/elvira-mentaltraining.de\/index.php?rest_route=\/wp\/v2\/pages\/1104","targetHints":{"allow":["GET"]}}],"collection":[{"href":"https:\/\/elvira-mentaltraining.de\/index.php?rest_route=\/wp\/v2\/pages"}],"about":[{"href":"https:\/\/elvira-mentaltraining.de\/index.php?rest_route=\/wp\/v2\/types\/page"}],"author":[{"embeddable":true,"href":"https:\/\/elvira-mentaltraining.de\/index.php?rest_route=\/wp\/v2\/users\/1"}],"replies":[{"embeddable":true,"href":"https:\/\/elvira-mentaltraining.de\/index.php?rest_route=%2Fwp%2Fv2%2Fcomments&post=1104"}],"version-history":[{"count":13,"href":"https:\/\/elvira-mentaltraining.de\/index.php?rest_route=\/wp\/v2\/pages\/1104\/revisions"}],"predecessor-version":[{"id":1692,"href":"https:\/\/elvira-mentaltraining.de\/index.php?rest_route=\/wp\/v2\/pages\/1104\/revisions\/1692"}],"wp:featuredmedia":[{"embeddable":true,"href":"https:\/\/elvira-mentaltraining.de\/index.php?rest_route=\/wp\/v2\/media\/1330"}],"wp:attachment":[{"href":"https:\/\/elvira-mentaltraining.de\/index.php?rest_route=%2Fwp%2Fv2%2Fmedia&parent=1104"}],"curies":[{"name":"wp","href":"https:\/\/api.w.org\/{rel}","templated":true}]}}