{"id":1070,"date":"2024-07-03T21:14:57","date_gmt":"2024-07-03T19:14:57","guid":{"rendered":"https:\/\/elvira-mentaltraining.de\/?page_id=1070"},"modified":"2026-03-08T15:19:15","modified_gmt":"2026-03-08T14:19:15","slug":"perspektivenwechsel","status":"publish","type":"page","link":"https:\/\/elvira-mentaltraining.de\/?page_id=1070","title":{"rendered":"Perspektivenwechsel"},"content":{"rendered":"\n<h1 class=\"wp-block-heading\"><strong>Die Fingerfertigkeit der Sprache<\/strong><\/h1>\n\n\n\n<p><strong>Sleight of Mouth \u2013 eine Kommuniktionstechnik nach Robert Dilts<\/strong><\/p>\n\n\n\n<p>Sleight-of-Mouth nach Robert Dilts ist eine wunderbare Technik, die ihren Einsatz findet, wenn blockierende \u00dcberzeugungen und nicht gepr\u00fcfte Glaubenss\u00e4tze auf der Suche nach Wahrheit und neuen Perspektiven gezielt hinterfragt werden wollen. Denn die Technik handelt<\/p>\n\n\n\n<ul class=\"wp-block-list\">\n<li>von der positiven und der negativen Macht d. Worte,<\/li>\n\n\n\n<li>von unterschiedlichen Sichtweisen, welche Wirkung Worte auf uns haben und<\/li>\n\n\n\n<li>von Kommunikationsmustern, die uns helfen, sch\u00e4dliche Aussagen in n\u00fctzliche zu verwandeln.<\/li>\n<\/ul>\n\n\n\n<p>Ziel des Seminars ist, dass Du danach<\/p>\n\n\n\n<ul class=\"wp-block-list\">\n<li>Deine Sicht auf den Satz oder die Frage, die Dich triggert, in positiver Weise ver\u00e4nderst<\/li>\n\n\n\n<li>eine L\u00f6sung findest, schlagfertig und gelassen mit der Situation umzugehen<\/li>\n\n\n\n<li>Du selbstbewusst und positiv Deinem Gegen\u00fcber entgegentrittst.<\/li>\n<\/ul>\n\n\n\n<p><\/p>\n\n\n\n<blockquote class=\"wp-block-quote is-layout-flow wp-block-quote-is-layout-flow\">\n<p><em>\u201eProbleme kann man niemals mit derselben Denkweise l\u00f6sen, durch die sie entstanden sind.\u201c<\/em><\/p>\n<cite>Albert Einstein<\/cite><\/blockquote>\n\n\n<p><!--Alternative: WARTELISTE--><\/p>\n\n\n<hr class=\"wp-block-separator has-alpha-channel-opacity\"\/>\n\n\n\n<figure class=\"wp-block-image size-large\"><img loading=\"lazy\" decoding=\"async\" width=\"724\" height=\"1024\" src=\"https:\/\/elvira-mentaltraining.de\/wp-content\/uploads\/2026\/03\/Mentaltraining-Yoga-20260412-724x1024.jpg\" alt=\"\" class=\"wp-image-1675\" srcset=\"https:\/\/elvira-mentaltraining.de\/wp-content\/uploads\/2026\/03\/Mentaltraining-Yoga-20260412-724x1024.jpg 724w, https:\/\/elvira-mentaltraining.de\/wp-content\/uploads\/2026\/03\/Mentaltraining-Yoga-20260412-212x300.jpg 212w, https:\/\/elvira-mentaltraining.de\/wp-content\/uploads\/2026\/03\/Mentaltraining-Yoga-20260412-768x1086.jpg 768w, https:\/\/elvira-mentaltraining.de\/wp-content\/uploads\/2026\/03\/Mentaltraining-Yoga-20260412-1086x1536.jpg 1086w, https:\/\/elvira-mentaltraining.de\/wp-content\/uploads\/2026\/03\/Mentaltraining-Yoga-20260412-785x1111.jpg 785w, https:\/\/elvira-mentaltraining.de\/wp-content\/uploads\/2026\/03\/Mentaltraining-Yoga-20260412-355x502.jpg 355w, https:\/\/elvira-mentaltraining.de\/wp-content\/uploads\/2026\/03\/Mentaltraining-Yoga-20260412-251x355.jpg 251w, https:\/\/elvira-mentaltraining.de\/wp-content\/uploads\/2026\/03\/Mentaltraining-Yoga-20260412-1105x1563.jpg 1105w, https:\/\/elvira-mentaltraining.de\/wp-content\/uploads\/2026\/03\/Mentaltraining-Yoga-20260412-605x856.jpg 605w, https:\/\/elvira-mentaltraining.de\/wp-content\/uploads\/2026\/03\/Mentaltraining-Yoga-20260412.jpg 1131w\" sizes=\"auto, (max-width: 724px) 100vw, 724px\" \/><\/figure>\n\n\n\n<h1 class=\"wp-block-heading\">Mentaltraining &amp; Yoga<br>PERSPEKTIVENWECHSEL<br>mit Elvira &amp; Ines am Sonntag, <mark style=\"background-color:rgba(0, 0, 0, 0)\" class=\"has-inline-color has-luminous-vivid-orange-color\">12.04.2026<\/mark> &#8211; 14.00 bis 19.00 Uhr<\/h1>\n\n\n\n<h6 class=\"wp-block-heading\"><span class=\"wp-rich-text-font-awesome-icon wp-font-awesome-icon\"><svg aria-hidden=\"true\" focusable=\"false\" data-prefix=\"fas\" data-icon=\"location-dot\" class=\"svg-inline--fa fa-location-dot \" role=\"img\" xmlns=\"http:\/\/www.w3.org\/2000\/svg\" viewBox=\"0 0 384 512\"><path fill=\"currentColor\" d=\"M215.7 499.2C267 435 384 279.4 384 192C384 86 298 0 192 0S0 86 0 192c0 87.4 117 243 168.3 307.2c12.3 15.3 35.1 15.3 47.4 0zM192 128a64 64 0 1 1 0 128 64 64 0 1 1 0-128z\"><\/path><\/svg><\/span> Ort: Inspira Zentrum Max-Lang-Str. 36 , Leinfelden-Echterdingen (<a href=\"https:\/\/www.google.com\/maps\/search\/?api=1&amp;query=Max-Lang-Str.+36+70771+Leinfelden-Echterdingen\" data-type=\"link\" data-id=\"https:\/\/www.google.com\/maps\/search\/?api=1&amp;query=Max-Lang-Str.+36+70771+Leinfelden-Echterdingen\" target=\"_blank\" rel=\"noreferrer noopener\">Anfahrt<\/a>)<br><span class=\"wp-rich-text-font-awesome-icon wp-font-awesome-icon\"><svg aria-hidden=\"true\" focusable=\"false\" data-prefix=\"fas\" data-icon=\"hourglass-start\" class=\"svg-inline--fa fa-hourglass-start \" role=\"img\" xmlns=\"http:\/\/www.w3.org\/2000\/svg\" viewBox=\"0 0 384 512\"><path fill=\"currentColor\" d=\"M32 0C14.3 0 0 14.3 0 32S14.3 64 32 64V75c0 42.4 16.9 83.1 46.9 113.1L146.7 256 78.9 323.9C48.9 353.9 32 394.6 32 437v11c-17.7 0-32 14.3-32 32s14.3 32 32 32H64 320h32c17.7 0 32-14.3 32-32s-14.3-32-32-32V437c0-42.4-16.9-83.1-46.9-113.1L237.3 256l67.9-67.9c30-30 46.9-70.7 46.9-113.1V64c17.7 0 32-14.3 32-32s-14.3-32-32-32H320 64 32zM288 437v11H96V437c0-25.5 10.1-49.9 28.1-67.9L192 301.3l67.9 67.9c18 18 28.1 42.4 28.1 67.9z\"><\/path><\/svg><\/span> Dauer: 6 Stunden<br><span class=\"wp-rich-text-font-awesome-icon wp-font-awesome-icon\"><svg aria-hidden=\"true\" focusable=\"false\" data-prefix=\"fas\" data-icon=\"coins\" class=\"svg-inline--fa fa-coins \" role=\"img\" xmlns=\"http:\/\/www.w3.org\/2000\/svg\" viewBox=\"0 0 512 512\"><path fill=\"currentColor\" d=\"M512 80c0 18-14.3 34.6-38.4 48c-29.1 16.1-72.5 27.5-122.3 30.9c-3.7-1.8-7.4-3.5-11.3-5C300.6 137.4 248.2 128 192 128c-8.3 0-16.4 .2-24.5 .6l-1.1-.6C142.3 114.6 128 98 128 80c0-44.2 86-80 192-80S512 35.8 512 80zM160.7 161.1c10.2-.7 20.7-1.1 31.3-1.1c62.2 0 117.4 12.3 152.5 31.4C369.3 204.9 384 221.7 384 240c0 4-.7 7.9-2.1 11.7c-4.6 13.2-17 25.3-35 35.5c0 0 0 0 0 0c-.1 .1-.3 .1-.4 .2l0 0 0 0c-.3 .2-.6 .3-.9 .5c-35 19.4-90.8 32-153.6 32c-59.6 0-112.9-11.3-148.2-29.1c-1.9-.9-3.7-1.9-5.5-2.9C14.3 274.6 0 258 0 240c0-34.8 53.4-64.5 128-75.4c10.5-1.5 21.4-2.7 32.7-3.5zM416 240c0-21.9-10.6-39.9-24.1-53.4c28.3-4.4 54.2-11.4 76.2-20.5c16.3-6.8 31.5-15.2 43.9-25.5V176c0 19.3-16.5 37.1-43.8 50.9c-14.6 7.4-32.4 13.7-52.4 18.5c.1-1.8 .2-3.5 .2-5.3zm-32 96c0 18-14.3 34.6-38.4 48c-1.8 1-3.6 1.9-5.5 2.9C304.9 404.7 251.6 416 192 416c-62.8 0-118.6-12.6-153.6-32C14.3 370.6 0 354 0 336V300.6c12.5 10.3 27.6 18.7 43.9 25.5C83.4 342.6 135.8 352 192 352s108.6-9.4 148.1-25.9c7.8-3.2 15.3-6.9 22.4-10.9c6.1-3.4 11.8-7.2 17.2-11.2c1.5-1.1 2.9-2.3 4.3-3.4V304v5.7V336zm32 0V304 278.1c19-4.2 36.5-9.5 52.1-16c16.3-6.8 31.5-15.2 43.9-25.5V272c0 10.5-5 21-14.9 30.9c-16.3 16.3-45 29.7-81.3 38.4c.1-1.7 .2-3.5 .2-5.3zM192 448c56.2 0 108.6-9.4 148.1-25.9c16.3-6.8 31.5-15.2 43.9-25.5V432c0 44.2-86 80-192 80S0 476.2 0 432V396.6c12.5 10.3 27.6 18.7 43.9 25.5C83.4 438.6 135.8 448 192 448z\"><\/path><\/svg><\/span> Teilnahmegeb\u00fchr: 89 \u20ac\/Person<\/h6>\n\n\n\n<h3 class=\"wp-block-heading\">Wir freuen uns auf dich.<\/h3>\n\n\n<div class=\"wpforms-container wpforms-container-full wpforms-render-modern\" id=\"wpforms-1600\"><form id=\"wpforms-form-1600\" class=\"wpforms-validate wpforms-form wpforms-ajax-form\" data-formid=\"1600\" method=\"post\" enctype=\"multipart\/form-data\" action=\"\/index.php?rest_route=%2Fwp%2Fv2%2Fpages%2F1070\" data-token=\"40bf4f8bfe790309e904dd7444b7f2f0\"><noscript class=\"wpforms-error-noscript\">Bitte aktiviere JavaScript in deinem Browser, um dieses Formular fertigzustellen.<\/noscript><div class=\"wpforms-hidden\" id=\"wpforms-error-noscript\">Bitte aktiviere JavaScript in deinem Browser, um dieses Formular fertigzustellen.<\/div><div class=\"wpforms-field-container\"><div id=\"wpforms-1600-field_0-container\" class=\"wpforms-field wpforms-field-name\" data-field-id=\"0\"><fieldset><legend class=\"wpforms-field-label\">Name <span class=\"wpforms-required-label\" aria-hidden=\"true\">*<\/span><\/legend><div class=\"wpforms-field-row wpforms-field-large\"><div class=\"wpforms-field-row-block wpforms-first wpforms-one-half\"><input type=\"text\" id=\"wpforms-1600-field_0\" class=\"wpforms-field-name-first wpforms-field-required\" name=\"wpforms[fields][0][first]\" aria-errormessage=\"wpforms-1600-field_0-error\" required><label for=\"wpforms-1600-field_0\" class=\"wpforms-field-sublabel after \">Vorname<\/label><\/div><div class=\"wpforms-field-row-block wpforms-one-half\"><input type=\"text\" id=\"wpforms-1600-field_0-last\" class=\"wpforms-field-name-last wpforms-field-required\" name=\"wpforms[fields][0][last]\" aria-errormessage=\"wpforms-1600-field_0-last-error\" required><label for=\"wpforms-1600-field_0-last\" class=\"wpforms-field-sublabel after \">Nachname<\/label><\/div><\/div><\/fieldset><\/div><div id=\"wpforms-1600-field_1-container\" class=\"wpforms-field wpforms-field-email\" data-field-id=\"1\"><label class=\"wpforms-field-label\" for=\"wpforms-1600-field_1\">E-Mail <span class=\"wpforms-required-label\" aria-hidden=\"true\">*<\/span><\/label><input type=\"email\" id=\"wpforms-1600-field_1\" class=\"wpforms-field-large wpforms-field-required\" name=\"wpforms[fields][1]\" spellcheck=\"false\" aria-errormessage=\"wpforms-1600-field_1-error\" required><\/div><div id=\"wpforms-1600-field_9-container\" class=\"wpforms-field wpforms-field-checkbox\" data-field-id=\"9\"><fieldset><legend class=\"wpforms-field-label\">Verbindliche Anmeldung <span class=\"wpforms-required-label\" aria-hidden=\"true\">*<\/span><\/legend><ul id=\"wpforms-1600-field_9\" class=\"wpforms-field-required\"><li class=\"choice-1 depth-1\"><input type=\"checkbox\" id=\"wpforms-1600-field_9_1\" name=\"wpforms[fields][9][]\" value=\"Hiermit melde ich mich verbindlich zum Seminar PERSPEKTIVENWECHSEL am 12.04.2026 zum Preis von 89 \u20ac an.\" aria-errormessage=\"wpforms-1600-field_9_1-error\" required ><label class=\"wpforms-field-label-inline\" for=\"wpforms-1600-field_9_1\">Hiermit melde ich mich verbindlich zum Seminar PERSPEKTIVENWECHSEL am 12.04.2026 zum Preis von 89 \u20ac an.<\/label><\/li><li class=\"choice-2 depth-1\"><input type=\"checkbox\" id=\"wpforms-1600-field_9_2\" name=\"wpforms[fields][9][]\" value=\"Ich habe die &lt;a rel=&quot;noopener noreferrer&quot; target=&quot;_blank&quot; href=&quot;https:\/\/elvira-mentaltraining.de\/?page_id=721&quot;&gt;AGB&lt;\/a&gt; gelesen und akzeptiere sie.\" aria-errormessage=\"wpforms-1600-field_9_2-error\" required ><label class=\"wpforms-field-label-inline\" for=\"wpforms-1600-field_9_2\">Ich habe die <a rel=\"noopener noreferrer\" target=\"_blank\" href=\"https:\/\/elvira-mentaltraining.de\/?page_id=721\">AGB<\/a> gelesen und akzeptiere sie.<\/label><\/li><\/ul><\/fieldset><\/div><\/div><!-- .wpforms-field-container --><div class=\"wpforms-submit-container\" ><input type=\"hidden\" name=\"wpforms[id]\" value=\"1600\"><input type=\"hidden\" name=\"wpforms[author]\" value=\"1\"><button type=\"submit\" name=\"wpforms[submit]\" id=\"wpforms-submit-1600\" class=\"wpforms-submit\" data-alt-text=\"Anmeldung l\u00e4uft\u2026\" data-submit-text=\"Kostenpflichtig anmelden\" aria-live=\"assertive\" value=\"wpforms-submit\">Kostenpflichtig anmelden<\/button><img loading=\"lazy\" decoding=\"async\" src=\"https:\/\/elvira-mentaltraining.de\/wp-content\/plugins\/wpforms-lite\/assets\/images\/submit-spin.svg\" class=\"wpforms-submit-spinner\" style=\"display: none;\" width=\"26\" height=\"26\" alt=\"Wird geladen\"><\/div><\/form><\/div>  <!-- .wpforms-container -->\n\n\n<p><!-- WARTELISTE\n<\/p>\n\n\n\n\n<\/p>\n\n\n<\/p>\n\n\n<h4 class=\"wp-block-heading\">Zur Warteliste f\u00fcr \"<em>Mentaltraining &amp; Yoga<\/em>\" anmelden<\/h4>\n\n\n\n<p>Das Seminar am<strong> 22.11.2025<\/strong> ist bereits ausgebucht. Nachfolgend kannst Du Dich auf die Warteliste anmelden.<\/p>\n\n\n[wpforms id=\"1571\"]\n\n\n<p>--><\/p>","protected":false},"excerpt":{"rendered":"<p>Die Fingerfertigkeit der Sprache Sleight of Mouth \u2013 eine Kommuniktionstechnik nach Robert Dilts Sleight-of-Mouth nach Robert Dilts ist eine wunderbare Technik, die ihren Einsatz findet, wenn blockierende \u00dcberzeugungen und nicht gepr\u00fcfte Glaubenss\u00e4tze auf der Suche nach Wahrheit und neuen Perspektiven gezielt hinterfragt werden wollen. Denn die Technik handelt Ziel des Seminars ist, dass Du danach [&hellip;]<\/p>\n","protected":false},"author":1,"featured_media":1305,"parent":0,"menu_order":0,"comment_status":"closed","ping_status":"closed","template":"","meta":{"footnotes":""},"class_list":["post-1070","page","type-page","status-publish","has-post-thumbnail","hentry"],"_links":{"self":[{"href":"https:\/\/elvira-mentaltraining.de\/index.php?rest_route=\/wp\/v2\/pages\/1070","targetHints":{"allow":["GET"]}}],"collection":[{"href":"https:\/\/elvira-mentaltraining.de\/index.php?rest_route=\/wp\/v2\/pages"}],"about":[{"href":"https:\/\/elvira-mentaltraining.de\/index.php?rest_route=\/wp\/v2\/types\/page"}],"author":[{"embeddable":true,"href":"https:\/\/elvira-mentaltraining.de\/index.php?rest_route=\/wp\/v2\/users\/1"}],"replies":[{"embeddable":true,"href":"https:\/\/elvira-mentaltraining.de\/index.php?rest_route=%2Fwp%2Fv2%2Fcomments&post=1070"}],"version-history":[{"count":25,"href":"https:\/\/elvira-mentaltraining.de\/index.php?rest_route=\/wp\/v2\/pages\/1070\/revisions"}],"predecessor-version":[{"id":1678,"href":"https:\/\/elvira-mentaltraining.de\/index.php?rest_route=\/wp\/v2\/pages\/1070\/revisions\/1678"}],"wp:featuredmedia":[{"embeddable":true,"href":"https:\/\/elvira-mentaltraining.de\/index.php?rest_route=\/wp\/v2\/media\/1305"}],"wp:attachment":[{"href":"https:\/\/elvira-mentaltraining.de\/index.php?rest_route=%2Fwp%2Fv2%2Fmedia&parent=1070"}],"curies":[{"name":"wp","href":"https:\/\/api.w.org\/{rel}","templated":true}]}}