{"id":1066,"date":"2024-07-03T21:14:22","date_gmt":"2024-07-03T19:14:22","guid":{"rendered":"https:\/\/elvira-mentaltraining.de\/?page_id=1066"},"modified":"2024-07-28T15:51:57","modified_gmt":"2024-07-28T13:51:57","slug":"zeit-und-selbstmanagement","status":"publish","type":"page","link":"https:\/\/elvira-mentaltraining.de\/?page_id=1066","title":{"rendered":"Zeit- &amp; Selbstmanagement"},"content":{"rendered":"\n<p><strong>Kreiere Deine Zeit nach Deinen W\u00fcnschen und Zielen!<\/strong><\/p>\n\n\n\n<p>In der Kunst des Zeit- und Selbstmanagements entfaltet sich das Meisterwerk effektiver Lebensf\u00fchrung. Wie ein Dirigent, der sein Orchester mit Bedacht und Pr\u00e4zision leitet, so koordinieren wir unsere Aufgaben und Ziele, um Harmonie in unserem Alltag zu schaffen. Die F\u00e4higkeit, Priorit\u00e4ten zu setzen und Ressourcen klug einzuteilen, erm\u00f6glicht es uns unser volles Potenzial auszusch\u00f6pfen.<\/p>\n\n\n\n<p>Es ist diese sorgf\u00e4ltige Choreografie unserer Zeit die zu Produktivit\u00e4t f\u00fchrt. Dabei sollte unbedingt Raum f\u00fcr Erholung und pers\u00f6nliches Wachstum integriert werden, denn die Lebensfreude ist hierbei ein sehr wichtiger Aspekt.<\/p>\n\n\n\n<p>Bevor es an die zeitliche Planung geht, ist es wichtig wahrzunehmen, ob wir diesen Weg aus \u00dcberzeugung einschlagen wollen. Passt er (noch) in unser gew\u00fcnschtes Lebensmodell? Dazu schauen wir uns die vier Lebenss\u00e4ulen an und in welcher Balance sie sich gegen\u00fcberstehen. Dabei pr\u00fcfen wir, ob vielleicht hier und da eine Anpassung vonn\u00f6ten ist, und sei sie auch noch so klein. Oftmals ist es diese kleine Korrektur, die unsere Sicht ver\u00e4ndert und die mehr Klarheit und damit einhergehend mehr Leichtigkeit in unseren Alltag bringt. Den gew\u00fcnschten Lebensweg schlagen wir dann ein \u2013 in Form einer Visualisierung, die es erlaubt den ausgew\u00e4hlten Wegs mental vorab einige Schritte zu gehen und zu f\u00fchlen. Learning by Doing. Wenn auch \u201enur\u201c mental \u2013 daf\u00fcr sehr sicher, denn man hat die Chance, Nachbesserungen kurzfristig durchzuf\u00fchren,<\/p>\n\n\n\n<p>Unter Verwendung der Getting Things Done-Methode gehst du diesen Weg \u2013 motiviert, effektiv und fokussiert. Zeitmanagement bedeutet Selbstmanagement und die Bereitschaft, die Verantwortung f\u00fcr die eigene Lebenszeit zu \u00fcbernehmen und zu fokussiert zu tragen. Wer seinen Fokus im Blick beh\u00e4lt, der beh\u00e4lt auch seine Bed\u00fcrfnisse, W\u00fcnsche und Ziele im Blick.<\/p>\n","protected":false},"excerpt":{"rendered":"<p>Kreiere Deine Zeit nach Deinen W\u00fcnschen und Zielen! In der Kunst des Zeit- und Selbstmanagements entfaltet sich das Meisterwerk effektiver Lebensf\u00fchrung. Wie ein Dirigent, der sein Orchester mit Bedacht und Pr\u00e4zision leitet, so koordinieren wir unsere Aufgaben und Ziele, um Harmonie in unserem Alltag zu schaffen. Die F\u00e4higkeit, Priorit\u00e4ten zu setzen und Ressourcen klug einzuteilen, [&hellip;]<\/p>\n","protected":false},"author":1,"featured_media":1305,"parent":0,"menu_order":0,"comment_status":"closed","ping_status":"closed","template":"","meta":{"footnotes":""},"class_list":["post-1066","page","type-page","status-publish","has-post-thumbnail","hentry"],"_links":{"self":[{"href":"https:\/\/elvira-mentaltraining.de\/index.php?rest_route=\/wp\/v2\/pages\/1066","targetHints":{"allow":["GET"]}}],"collection":[{"href":"https:\/\/elvira-mentaltraining.de\/index.php?rest_route=\/wp\/v2\/pages"}],"about":[{"href":"https:\/\/elvira-mentaltraining.de\/index.php?rest_route=\/wp\/v2\/types\/page"}],"author":[{"embeddable":true,"href":"https:\/\/elvira-mentaltraining.de\/index.php?rest_route=\/wp\/v2\/users\/1"}],"replies":[{"embeddable":true,"href":"https:\/\/elvira-mentaltraining.de\/index.php?rest_route=%2Fwp%2Fv2%2Fcomments&post=1066"}],"version-history":[{"count":6,"href":"https:\/\/elvira-mentaltraining.de\/index.php?rest_route=\/wp\/v2\/pages\/1066\/revisions"}],"predecessor-version":[{"id":1289,"href":"https:\/\/elvira-mentaltraining.de\/index.php?rest_route=\/wp\/v2\/pages\/1066\/revisions\/1289"}],"wp:featuredmedia":[{"embeddable":true,"href":"https:\/\/elvira-mentaltraining.de\/index.php?rest_route=\/wp\/v2\/media\/1305"}],"wp:attachment":[{"href":"https:\/\/elvira-mentaltraining.de\/index.php?rest_route=%2Fwp%2Fv2%2Fmedia&parent=1066"}],"curies":[{"name":"wp","href":"https:\/\/api.w.org\/{rel}","templated":true}]}}